{"id":1101,"date":"2025-04-02T08:18:42","date_gmt":"2025-04-02T07:18:42","guid":{"rendered":"https:\/\/new.peptosoda.rs\/?page_id=1101"},"modified":"2025-10-27T10:01:26","modified_gmt":"2025-10-27T09:01:26","slug":"pepto-soda-tablete-za-zvakanje","status":"publish","type":"page","link":"https:\/\/www.peptosoda.rs\/?page_id=1101","title":{"rendered":"Pepto soda tablete za \u017evakanje"},"content":{"rendered":"<p><div class=\"fusion-fullwidth fullwidth-box fusion-builder-row-1 fusion-flex-container hundred-percent-fullwidth non-hundred-percent-height-scrolling\" style=\"--awb-border-radius-top-left:0px;--awb-border-radius-top-right:0px;--awb-border-radius-bottom-right:0px;--awb-border-radius-bottom-left:0px;--awb-padding-top:0px;--awb-padding-right:0px;--awb-padding-bottom:0px;--awb-padding-left:0px;--awb-margin-bottom:60px;--awb-flex-wrap:wrap;\" ><div class=\"fusion-builder-row fusion-row fusion-flex-align-items-flex-start fusion-flex-content-wrap\" style=\"width:104% !important;max-width:104% !important;margin-left: calc(-4% \/ 2 );margin-right: calc(-4% \/ 2 );\"><div class=\"fusion-layout-column fusion_builder_column fusion-builder-column-0 fusion_builder_column_1_1 1_1 fusion-flex-column\" style=\"--awb-bg-size:cover;--awb-width-large:100%;--awb-margin-top-large:0px;--awb-spacing-right-large:1.92%;--awb-margin-bottom-large:0px;--awb-spacing-left-large:1.92%;--awb-width-medium:100%;--awb-order-medium:0;--awb-spacing-right-medium:1.92%;--awb-spacing-left-medium:1.92%;--awb-width-small:100%;--awb-order-small:0;--awb-spacing-right-small:1.92%;--awb-spacing-left-small:1.92%;\"><div class=\"fusion-column-wrapper fusion-column-has-shadow fusion-flex-justify-content-flex-start fusion-content-layout-column\">\n\t\t\t\t<p class=\"rs-p-wp-fix\"><\/p>\n\t\t\t\t<sr7-module data-alias=\"tablete\" data-id=\"5\" id=\"SR7_5_1\" class=\"rs-ov-hidden\" data-version=\"6.7.41\">\n\t\t\t\t\t<sr7-adjuster><\/sr7-adjuster>\n\t\t\t\t\t<sr7-content>\n\t\t\t\t\t\t<sr7-slide id=\"SR7_5_1-9\" data-key=\"9\">\n\t\t\t\t\t\t\t<sr7-bg id=\"SR7_5_1-9-5\" class=\"sr7-layer\"><noscript><img class=\"lazyload\" decoding=\"async\" src=\"data:image\/gif;base64,R0lGODlhAQABAAAAACH5BAEKAAEALAAAAAABAAEAAAICTAEAOw==\" data-orig-src=\"https:\/\/new.peptosoda.rs\/wp-content\/uploads\/2025\/04\/PS-slajder-tablete-za-zvakanje.jpg\" alt=\"\" title=\"PS slajder tablete za zvakanje\"><\/noscript><\/sr7-bg>\n\t\t\t\t\t\t<\/sr7-slide>\n\t\t\t\t\t\t<sr7-slide id=\"SR7_5_1-10\" data-key=\"10\">\n\t\t\t\t\t\t<\/sr7-slide>\n\t\t\t\t\t<\/sr7-content>\n\t\t\t\t\t<image_lists style=\"display:none\">\n\t\t\t\t\t\t<img class=\"lazyload\" data-src=\"\/\/new.peptosoda.rs\/wp-content\/uploads\/2025\/04\/Mehurici-za-slajdere-03.png\" data-libid=\"1004\" data-lib=\"medialibrary\" title=\"Mehurici za slajdere-03\" width=\"0\" height=\"0\" data-dbsrc=\"Ly9uZXcucGVwdG9zb2RhLnJzL3dwLWNvbnRlbnQvdXBsb2Fkcy8yMDI1LzA0L01laHVyaWNpLXphLXNsYWpkZXJlLTAzLnBuZw==\"\/>\n\t\t\t\t\t\t<img class=\"lazyload\" data-src=\"\/\/new.peptosoda.rs\/wp-content\/uploads\/2025\/04\/Mehurici-za-slajdere-02.png\" data-libid=\"1003\" data-lib=\"medialibrary\" title=\"Mehurici za slajdere-02\" width=\"0\" height=\"0\" data-dbsrc=\"Ly9uZXcucGVwdG9zb2RhLnJzL3dwLWNvbnRlbnQvdXBsb2Fkcy8yMDI1LzA0L01laHVyaWNpLXphLXNsYWpkZXJlLTAyLnBuZw==\"\/>\n\t\t\t\t\t\t<img class=\"lazyload\" data-src=\"\/\/new.peptosoda.rs\/wp-content\/uploads\/2025\/04\/Prikaz-Proizvoda-i-recept-Pepto-Soda-02-1.png\" data-libid=\"1290\" data-lib=\"medialibrary\" title=\"Prikaz Proizvoda i recept Pepto Soda-02\" width=\"0\" height=\"0\" data-dbsrc=\"Ly9uZXcucGVwdG9zb2RhLnJzL3dwLWNvbnRlbnQvdXBsb2Fkcy8yMDI1LzA0L1ByaWthei1Qcm9penZvZGEtaS1yZWNlcHQtUGVwdG8tU29kYS0wMi0xLnBuZw==\"\/>\n\t\t\t\t\t\t<img class=\"lazyload\" data-src=\"\/\/new.peptosoda.rs\/wp-content\/uploads\/2025\/04\/PS-slajder-tablete-za-zvakanje.jpg\" data-libid=\"1099\" data-lib=\"medialibrary\" title=\"PS slajder tablete za zvakanje\" width=\"0\" height=\"0\" data-dbsrc=\"Ly9uZXcucGVwdG9zb2RhLnJzL3dwLWNvbnRlbnQvdXBsb2Fkcy8yMDI1LzA0L1BTLXNsYWpkZXItdGFibGV0ZS16YS16dmFrYW5qZS5qcGc=\"\/>\n\t\t\t\t\t<\/image_lists>\n\t\t\t\t<\/sr7-module>\n\t\t\t\t<script>\n\t\t\t\t\tSR7.PMH ??={}; SR7.PMH[\"SR7_5_1\"] = {cn:100,state:false,fn: function() { if (_tpt!==undefined && _tpt.prepareModuleHeight !== undefined) {  _tpt.prepareModuleHeight({id:\"SR7_5_1\",el:[700,700,660,650,660],type:'hero',shdw:'0',gh:[700,700,660,650,660],gw:[1400,1400,1024,778,480],vpt:['-200px&#039;,&#039;-200px&#039;,&#039;-200px&#039;,&#039;-200px&#039;,&#039;-200px'],size:{fullWidth:true, fullHeight:false},mh:'0',onh:0,onw:0,bg:{color:'{\"type\":\"solid\",\"orig\":\"#ffffff\",\"string\":\"rgba(255, 255, 255, 1)\"}'},plType:'3',plColor:'#35baf2'});   SR7.PMH[\"SR7_5_1\"].state=true;} else if(SR7.PMH[\"SR7_5_1\"].cn-->0)\tsetTimeout( SR7.PMH[\"SR7_5_1\"].fn,19);}};SR7.PMH[\"SR7_5_1\" ].fn();\n\t\t\t\t<\/script>\n<\/div><\/div><\/div><\/div><div class=\"fusion-fullwidth fullwidth-box fusion-builder-row-2 fusion-flex-container hundred-percent-fullwidth non-hundred-percent-height-scrolling\" style=\"--awb-border-radius-top-left:0px;--awb-border-radius-top-right:0px;--awb-border-radius-bottom-right:0px;--awb-border-radius-bottom-left:0px;--awb-overflow:visible;--awb-flex-wrap:wrap;\" ><div class=\"fusion-builder-row fusion-row fusion-flex-align-items-flex-start fusion-flex-content-wrap\" style=\"width:calc( 100% + 0px ) !important;max-width:calc( 100% + 0px ) !important;margin-left: calc(-0px \/ 2 );margin-right: calc(-0px \/ 2 );\"><div class=\"fusion-layout-column fusion_builder_column fusion-builder-column-1 fusion_builder_column_1_1 1_1 fusion-flex-column fusion-flex-align-self-flex-start fusion-column-no-min-height\" style=\"--awb-bg-blend:overlay;--awb-bg-size:cover;--awb-width-large:100%;--awb-margin-top-large:0px;--awb-spacing-right-large:0px;--awb-margin-bottom-large:0px;--awb-spacing-left-large:0px;--awb-width-medium:100%;--awb-spacing-right-medium:0px;--awb-spacing-left-medium:0px;--awb-width-small:100%;--awb-spacing-right-small:0px;--awb-spacing-left-small:0px;\"><div class=\"fusion-column-wrapper fusion-flex-justify-content-flex-start fusion-content-layout-column\"><div class=\"fusion-menu-anchor\" id=\"overview\"><\/div><\/div><\/div><\/div><\/div><div class=\"fusion-fullwidth fullwidth-box fusion-builder-row-3 fusion-flex-container nonhundred-percent-fullwidth non-hundred-percent-height-scrolling\" style=\"--awb-background-position:left top;--awb-border-sizes-top:0px;--awb-border-sizes-bottom:0px;--awb-border-sizes-left:0px;--awb-border-sizes-right:0px;--awb-border-radius-top-left:0px;--awb-border-radius-top-right:0px;--awb-border-radius-bottom-right:0px;--awb-border-radius-bottom-left:0px;--awb-padding-top:2%;--awb-padding-bottom:40px;--awb-padding-top-small:32px;--awb-flex-wrap:wrap;\" ><div class=\"fusion-builder-row fusion-row fusion-flex-align-items-center fusion-flex-content-wrap\" style=\"max-width:1216.8px;margin-left: calc(-4% \/ 2 );margin-right: calc(-4% \/ 2 );\"><div class=\"fusion-layout-column fusion_builder_column fusion-builder-column-2 fusion_builder_column_1_2 1_2 fusion-flex-column\" style=\"--awb-padding-right:20px;--awb-padding-left:20px;--awb-padding-right-small:0px;--awb-padding-left-small:0px;--awb-bg-blend:overlay;--awb-bg-size:cover;--awb-width-large:50%;--awb-margin-top-large:15px;--awb-spacing-right-large:3.84%;--awb-margin-bottom-large:15px;--awb-spacing-left-large:3.84%;--awb-width-medium:100%;--awb-spacing-right-medium:1.92%;--awb-spacing-left-medium:1.92%;--awb-width-small:100%;--awb-spacing-right-small:1.92%;--awb-spacing-left-small:1.92%;\"><div class=\"fusion-column-wrapper fusion-flex-justify-content-flex-start fusion-content-layout-column\"><div class=\"fusion-title title fusion-title-1 fusion-sep-none fusion-title-text fusion-title-size-two\" style=\"--awb-margin-top-small:0px;--awb-margin-right-small:0px;--awb-margin-bottom-small:20px;--awb-margin-left-small:0px;--awb-font-size:38px;\"><h2 class=\"fusion-title-heading title-heading-left fusion-responsive-typography-calculated\" style=\"margin:0;text-transform:none;font-size:1em;--fontSize:38;line-height:var(--awb-typography1-line-height);\">Pepto Soda tablete za \u017evakanje<\/h2><\/div><div class=\"fusion-text fusion-text-1\"><p>su jedinstveni dodatak ishrani, koji se koristi za neutralisanje hlorovodoni\u010dne kiseline u \u017eelucu. Aktivni sastojak Pepto Soda tableta za \u017evakanje je kalcijum karbonat u dozi od 1000 mg (400mg \u010distog kalcijuma), deluje brzo i efikasno u smanjenju simptoma goru\u0161ice jer:<br \/>\n\u2022 neutrali\u0161e pove\u0107anu kiselost u \u017eelucu.<br \/>\n\u2022 kalcijum iz kalcijum-karbonata pove\u0107ava peristaltiku jednjaka potiskuju\u0107i kiselinu ka \u017eelucu i na taj na\u010din ubla\u017eava goru\u0161icu.<\/p>\n<p>Pepto Soda tablete za \u017evakanje dostupne u dva pakovanja, bo\u010dici i blister pakovanju.<\/p>\n<p>*Pre upotrebe u trudno\u0107i konsultovati farmaceuta ili lekara.<\/p>\n<\/div><\/div><\/div><div class=\"fusion-layout-column fusion_builder_column fusion-builder-column-3 fusion_builder_column_1_2 1_2 fusion-flex-column\" style=\"--awb-padding-top:10px;--awb-padding-right:10px;--awb-padding-bottom:10px;--awb-padding-left:10px;--awb-bg-blend:overlay;--awb-bg-size:cover;--awb-width-large:50%;--awb-margin-top-large:14px;--awb-spacing-right-large:3.84%;--awb-margin-bottom-large:15px;--awb-spacing-left-large:3.84%;--awb-width-medium:100%;--awb-spacing-right-medium:1.92%;--awb-spacing-left-medium:1.92%;--awb-width-small:100%;--awb-spacing-right-small:1.92%;--awb-spacing-left-small:1.92%;\"><div class=\"fusion-column-wrapper fusion-flex-justify-content-flex-start fusion-content-layout-column\"><div class=\"fusion-image-element \" style=\"text-align:center;--awb-caption-title-font-family:var(--h2_typography-font-family);--awb-caption-title-font-weight:var(--h2_typography-font-weight);--awb-caption-title-font-style:var(--h2_typography-font-style);--awb-caption-title-size:var(--h2_typography-font-size);--awb-caption-title-transform:var(--h2_typography-text-transform);--awb-caption-title-line-height:var(--h2_typography-line-height);--awb-caption-title-letter-spacing:var(--h2_typography-letter-spacing);\"><span class=\" fusion-imageframe imageframe-none imageframe-1 hover-type-none fusion-animated\" data-animationType=\"fadeInUp\" data-animationDuration=\"0.7\" data-animationOffset=\"top-mid-of-view\"><img decoding=\"async\" width=\"1146\" height=\"600\" title=\"PS-jagoda-pogodno-i-za-trudnice\" src=\"https:\/\/www.peptosoda.rs\/wp-content\/uploads\/2025\/10\/PS-jagoda-pogodno-i-za-trudnice.png\" data-orig-src=\"https:\/\/www.peptosoda.rs\/wp-content\/uploads\/2025\/10\/PS-jagoda-pogodno-i-za-trudnice.png\" alt class=\"lazyload img-responsive wp-image-1339\" srcset=\"data:image\/svg+xml,%3Csvg%20xmlns%3D%27http%3A%2F%2Fwww.w3.org%2F2000%2Fsvg%27%20width%3D%271146%27%20height%3D%27600%27%20viewBox%3D%270%200%201146%20600%27%3E%3Crect%20width%3D%271146%27%20height%3D%27600%27%20fill-opacity%3D%220%22%2F%3E%3C%2Fsvg%3E\" data-srcset=\"https:\/\/www.peptosoda.rs\/wp-content\/uploads\/2025\/10\/PS-jagoda-pogodno-i-za-trudnice-200x105.png 200w, https:\/\/www.peptosoda.rs\/wp-content\/uploads\/2025\/10\/PS-jagoda-pogodno-i-za-trudnice-400x209.png 400w, https:\/\/www.peptosoda.rs\/wp-content\/uploads\/2025\/10\/PS-jagoda-pogodno-i-za-trudnice-600x314.png 600w, https:\/\/www.peptosoda.rs\/wp-content\/uploads\/2025\/10\/PS-jagoda-pogodno-i-za-trudnice-800x419.png 800w, https:\/\/www.peptosoda.rs\/wp-content\/uploads\/2025\/10\/PS-jagoda-pogodno-i-za-trudnice.png 1146w\" data-sizes=\"auto\" data-orig-sizes=\"(max-width: 1024px) 100vw, (max-width: 640px) 100vw, 600px\" \/><\/span><\/div><\/div><\/div><\/div><\/div><div class=\"fusion-fullwidth fullwidth-box fusion-builder-row-4 fusion-flex-container has-pattern-background has-mask-background nonhundred-percent-fullwidth non-hundred-percent-height-scrolling\" style=\"--awb-background-position:left top;--awb-border-sizes-top:0px;--awb-border-sizes-bottom:0px;--awb-border-sizes-left:0px;--awb-border-sizes-right:0px;--awb-border-radius-top-left:0px;--awb-border-radius-top-right:0px;--awb-border-radius-bottom-right:0px;--awb-border-radius-bottom-left:0px;--awb-padding-top:2%;--awb-padding-bottom:40px;--awb-padding-top-small:32px;--awb-background-color:#eceef1;--awb-flex-wrap:wrap;\" ><div class=\"fusion-builder-row fusion-row fusion-flex-align-items-center fusion-flex-content-wrap\" style=\"max-width:1216.8px;margin-left: calc(-4% \/ 2 );margin-right: calc(-4% \/ 2 );\"><div class=\"fusion-layout-column fusion_builder_column fusion-builder-column-4 fusion_builder_column_1_1 1_1 fusion-flex-column\" style=\"--awb-padding-right:20px;--awb-padding-left:20px;--awb-padding-right-small:0px;--awb-padding-left-small:0px;--awb-bg-blend:overlay;--awb-bg-size:cover;--awb-width-large:100%;--awb-margin-top-large:15px;--awb-spacing-right-large:1.92%;--awb-margin-bottom-large:15px;--awb-spacing-left-large:1.92%;--awb-width-medium:100%;--awb-spacing-right-medium:1.92%;--awb-spacing-left-medium:1.92%;--awb-width-small:100%;--awb-spacing-right-small:1.92%;--awb-spacing-left-small:1.92%;\"><div class=\"fusion-column-wrapper fusion-flex-justify-content-flex-start fusion-content-layout-column\"><div class=\"fusion-title title fusion-title-2 fusion-sep-none fusion-title-text fusion-title-size-two\" style=\"--awb-margin-top-small:0px;--awb-margin-right-small:0px;--awb-margin-bottom-small:20px;--awb-margin-left-small:0px;--awb-font-size:38px;\"><h2 class=\"fusion-title-heading title-heading-left fusion-responsive-typography-calculated\" style=\"margin:0;text-transform:none;font-size:1em;--fontSize:38;line-height:var(--awb-typography1-line-height);\">Kome se preporu\u010duju Pepto Soda tablete za \u017evakanje?<\/h2><\/div><\/div><\/div><div class=\"fusion-layout-column fusion_builder_column fusion-builder-column-5 fusion_builder_column_1_3 1_3 fusion-flex-column\" style=\"--awb-bg-size:cover;--awb-width-large:33.333333333333%;--awb-margin-top-large:15px;--awb-spacing-right-large:5.76%;--awb-margin-bottom-large:15px;--awb-spacing-left-large:5.76%;--awb-width-medium:100%;--awb-order-medium:0;--awb-spacing-right-medium:1.92%;--awb-spacing-left-medium:1.92%;--awb-width-small:100%;--awb-order-small:0;--awb-spacing-right-small:1.92%;--awb-spacing-left-small:1.92%;\"><div class=\"fusion-column-wrapper fusion-column-has-shadow fusion-flex-justify-content-flex-start fusion-content-layout-column\"><div class=\"fusion-image-element \" style=\"--awb-caption-title-font-family:var(--h2_typography-font-family);--awb-caption-title-font-weight:var(--h2_typography-font-weight);--awb-caption-title-font-style:var(--h2_typography-font-style);--awb-caption-title-size:var(--h2_typography-font-size);--awb-caption-title-transform:var(--h2_typography-text-transform);--awb-caption-title-line-height:var(--h2_typography-line-height);--awb-caption-title-letter-spacing:var(--h2_typography-letter-spacing);\"><span class=\" fusion-imageframe imageframe-none imageframe-2 hover-type-none\"><img decoding=\"async\" width=\"1617\" height=\"906\" title=\"bracni par u restoranu\" src=\"https:\/\/www.peptosoda.rs\/wp-content\/uploads\/2025\/10\/bracni-par-u-restoranu.jpg\" data-orig-src=\"https:\/\/www.peptosoda.rs\/wp-content\/uploads\/2025\/10\/bracni-par-u-restoranu.jpg\" alt class=\"lazyload img-responsive wp-image-1346\" srcset=\"data:image\/svg+xml,%3Csvg%20xmlns%3D%27http%3A%2F%2Fwww.w3.org%2F2000%2Fsvg%27%20width%3D%271617%27%20height%3D%27906%27%20viewBox%3D%270%200%201617%20906%27%3E%3Crect%20width%3D%271617%27%20height%3D%27906%27%20fill-opacity%3D%220%22%2F%3E%3C%2Fsvg%3E\" data-srcset=\"https:\/\/www.peptosoda.rs\/wp-content\/uploads\/2025\/10\/bracni-par-u-restoranu-200x112.jpg 200w, https:\/\/www.peptosoda.rs\/wp-content\/uploads\/2025\/10\/bracni-par-u-restoranu-400x224.jpg 400w, https:\/\/www.peptosoda.rs\/wp-content\/uploads\/2025\/10\/bracni-par-u-restoranu-600x336.jpg 600w, https:\/\/www.peptosoda.rs\/wp-content\/uploads\/2025\/10\/bracni-par-u-restoranu-800x448.jpg 800w, https:\/\/www.peptosoda.rs\/wp-content\/uploads\/2025\/10\/bracni-par-u-restoranu-1200x672.jpg 1200w, https:\/\/www.peptosoda.rs\/wp-content\/uploads\/2025\/10\/bracni-par-u-restoranu.jpg 1617w\" data-sizes=\"auto\" data-orig-sizes=\"(max-width: 1024px) 100vw, (max-width: 640px) 100vw, 400px\" \/><\/span><\/div><\/div><\/div><div class=\"fusion-layout-column fusion_builder_column fusion-builder-column-6 fusion_builder_column_2_3 2_3 fusion-flex-column\" style=\"--awb-bg-size:cover;--awb-width-large:66.666666666667%;--awb-margin-top-large:15px;--awb-spacing-right-large:2.88%;--awb-margin-bottom-large:15px;--awb-spacing-left-large:2.88%;--awb-width-medium:100%;--awb-order-medium:0;--awb-spacing-right-medium:1.92%;--awb-spacing-left-medium:1.92%;--awb-width-small:100%;--awb-order-small:0;--awb-spacing-right-small:1.92%;--awb-spacing-left-small:1.92%;\"><div class=\"fusion-column-wrapper fusion-column-has-shadow fusion-flex-justify-content-flex-start fusion-content-layout-column\"><div class=\"fusion-text fusion-text-2\" style=\"--awb-font-size:20px;\"><p>Pepto Soda tablete za \u017evakanje se preporu\u010duju osobama sa problemom goru\u0161ice, uklju\u010duju\u0107i i trudnice koje bi pre upotrebe trebalo da konsultuju svog lekara.<br \/>\nJednostavna primena tablete za \u017evakanje ukusa jagode pru\u017ea brzo olak\u0161anje u otklanjanju simptoma goru\u0161ice i drugih tegoba izazvanih poja\u010danim lu\u010denjem \u017eeluda\u010dne kiseline.<br \/>\n<strong>Pakovanje:<\/strong><br \/>\n14 tableta u bo\u010dici<br \/>\n10 tableta u blister pakovanju<br \/>\n<strong>Na\u010din upotrebe:<\/strong><\/p>\n<p><b>Odrasli: <\/b>1 tabletu otopiti i sa\u017evakati u ustima. Uzimati 1 do 3 puta dnevno.<\/p>\n<p>Kod <b>pedijatrijske<\/b> <b>populacije<\/b><b>, <\/b>preparat je tako\u0111e pogodan:<\/p>\n<ul>\n<li><b>Deca <\/b><b>starija<\/b><b> od 4 <\/b><b>godine<\/b>: maksimalno <b>2 <\/b><b>tablete<\/b> <b>dnevno<\/b>.<\/li>\n<li><b>Deca <\/b><b>starija<\/b><b> od 8 <\/b><b>godina<\/b>: maksimalno <b>3 <\/b><b>tablete<\/b> <b>dnevno<\/b>.<\/li>\n<\/ul>\n<p><strong>Va\u017ene napomene:<\/strong><br \/>\nDodaci ishrani se ne mogu koristiti kao zamena za raznovrsnu i uravnote\u017eenu ishranu i zdrav na\u010din \u017eivota. \u010cuvati van doma\u0161aja dece!<br \/>\n<strong>Upozorenja:<\/strong><br \/>\nNemojte prekora\u010divati preporu\u010denu dnevnu dozu. Proizvod ne treba da uzimaju osobe preosetljive na neki od sastojaka proizvoda!<br \/>\n\u010cuvati na temperaturi do 25\u00b0C u originalnoj ambala\u017ei, za\u0161ti\u0107eno od svetlosti i vlage.<\/p>\n<\/div><\/div><\/div><div class=\"fusion-layout-column fusion_builder_column fusion-builder-column-7 fusion_builder_column_1_1 1_1 fusion-flex-column\" style=\"--awb-bg-size:cover;--awb-width-large:100%;--awb-margin-top-large:15px;--awb-spacing-right-large:1.92%;--awb-margin-bottom-large:15px;--awb-spacing-left-large:1.92%;--awb-width-medium:100%;--awb-order-medium:0;--awb-spacing-right-medium:1.92%;--awb-spacing-left-medium:1.92%;--awb-width-small:100%;--awb-order-small:0;--awb-spacing-right-small:1.92%;--awb-spacing-left-small:1.92%;\"><div class=\"fusion-column-wrapper fusion-column-has-shadow fusion-flex-justify-content-flex-start fusion-content-layout-column\"><div class=\"fusion-text fusion-text-3\"><p><strong>TRUDNO\u0106A BEZ GORU\u0160ICE<\/strong><img decoding=\"async\" class=\"lazyload alignright wp-image-1347\" src=\"https:\/\/www.peptosoda.rs\/wp-content\/uploads\/2025\/10\/trudnica-759x1024.jpg\" data-orig-src=\"https:\/\/www.peptosoda.rs\/wp-content\/uploads\/2025\/10\/trudnica-759x1024.jpg\" alt=\"\" width=\"326\" height=\"440\" srcset=\"data:image\/svg+xml,%3Csvg%20xmlns%3D%27http%3A%2F%2Fwww.w3.org%2F2000%2Fsvg%27%20width%3D%27326%27%20height%3D%27440%27%20viewBox%3D%270%200%20326%20440%27%3E%3Crect%20width%3D%27326%27%20height%3D%27440%27%20fill-opacity%3D%220%22%2F%3E%3C%2Fsvg%3E\" data-srcset=\"https:\/\/www.peptosoda.rs\/wp-content\/uploads\/2025\/10\/trudnica-200x270.jpg 200w, https:\/\/www.peptosoda.rs\/wp-content\/uploads\/2025\/10\/trudnica-222x300.jpg 222w, https:\/\/www.peptosoda.rs\/wp-content\/uploads\/2025\/10\/trudnica-400x539.jpg 400w, https:\/\/www.peptosoda.rs\/wp-content\/uploads\/2025\/10\/trudnica-600x809.jpg 600w, https:\/\/www.peptosoda.rs\/wp-content\/uploads\/2025\/10\/trudnica-759x1024.jpg 759w, https:\/\/www.peptosoda.rs\/wp-content\/uploads\/2025\/10\/trudnica-768x1036.jpg 768w, https:\/\/www.peptosoda.rs\/wp-content\/uploads\/2025\/10\/trudnica-800x1079.jpg 800w, https:\/\/www.peptosoda.rs\/wp-content\/uploads\/2025\/10\/trudnica-1139x1536.jpg 1139w, https:\/\/www.peptosoda.rs\/wp-content\/uploads\/2025\/10\/trudnica-1200x1618.jpg 1200w, https:\/\/www.peptosoda.rs\/wp-content\/uploads\/2025\/10\/trudnica-1519x2048.jpg 1519w, https:\/\/www.peptosoda.rs\/wp-content\/uploads\/2025\/10\/trudnica-scaled.jpg 1899w\" data-sizes=\"auto\" data-orig-sizes=\"(max-width: 326px) 100vw, 326px\" \/><\/p>\n<p>Pepto Soda tablete za \u017evakanje su bezbedne i preporu\u010dljive kod trudnica:<\/p>\n<ul>\n<li>Sadr\u017ee 1000 mg kalcijum-karbonata (400mg kalcijuma)<\/li>\n<li>Poma\u017eu kod goru\u0161ice i dispepsije<\/li>\n<li>Doprinose dnevnim potrebama za kalcijumom, koje su u trudno\u0107i pove\u0107ane<\/li>\n<li>Suplementacija kalcijum-karbonatom (aktivnim sastojkom Pepto Soda tableta za \u017evakanje) mo\u017ee doprineti prevenciji osteopenije (gubitka ko\u0161tane mase), hipokalcemije (smanjenog nivoa kalcijuma u organizmu) i preeklampsije (pove\u0107anog tenzionog pritiska u trudno\u0107i)<\/li>\n<\/ul>\n<\/div><\/div><\/div><\/div><\/div><div class=\"fusion-fullwidth fullwidth-box fusion-builder-row-5 fusion-flex-container has-pattern-background has-mask-background nonhundred-percent-fullwidth non-hundred-percent-height-scrolling\" style=\"--awb-background-position:left top;--awb-border-sizes-top:0px;--awb-border-sizes-bottom:0px;--awb-border-sizes-left:0px;--awb-border-sizes-right:0px;--awb-border-radius-top-left:0px;--awb-border-radius-top-right:0px;--awb-border-radius-bottom-right:0px;--awb-border-radius-bottom-left:0px;--awb-padding-top:2%;--awb-padding-bottom:40px;--awb-padding-top-small:32px;--awb-background-color:#ffffff;--awb-flex-wrap:wrap;\" ><div class=\"fusion-builder-row fusion-row fusion-flex-align-items-center fusion-flex-content-wrap\" style=\"max-width:1216.8px;margin-left: calc(-4% \/ 2 );margin-right: calc(-4% \/ 2 );\"><div class=\"fusion-layout-column fusion_builder_column fusion-builder-column-8 fusion_builder_column_1_1 1_1 fusion-flex-column\" style=\"--awb-padding-right:20px;--awb-padding-left:20px;--awb-padding-right-small:0px;--awb-padding-left-small:0px;--awb-bg-blend:overlay;--awb-bg-size:cover;--awb-width-large:100%;--awb-margin-top-large:15px;--awb-spacing-right-large:1.92%;--awb-margin-bottom-large:15px;--awb-spacing-left-large:1.92%;--awb-width-medium:100%;--awb-spacing-right-medium:1.92%;--awb-spacing-left-medium:1.92%;--awb-width-small:100%;--awb-spacing-right-small:1.92%;--awb-spacing-left-small:1.92%;\"><div class=\"fusion-column-wrapper fusion-flex-justify-content-flex-start fusion-content-layout-column\"><div class=\"fusion-video fusion-youtube\" style=\"--awb-max-width:600px;--awb-max-height:360px;--awb-align-self:center;--awb-width:100%;\"><div class=\"video-shortcode\"><lite-youtube videoid=\"cCi_c-CFoSU\" class=\"landscape\" params=\"wmode=transparent&autoplay=1&amp;enablejsapi=1\" title=\"YouTube video player 1\" data-button-label=\"Play Video\" width=\"600\" height=\"360\" data-thumbnail-size=\"auto\" data-no-cookie=\"on\"><\/lite-youtube><\/div><\/div><\/div><\/div><\/div><\/div><\/p>\n","protected":false},"excerpt":{"rendered":"","protected":false},"author":1,"featured_media":0,"parent":0,"menu_order":0,"comment_status":"closed","ping_status":"closed","template":"100-width.php","meta":{"footnotes":""},"class_list":["post-1101","page","type-page","status-publish","hentry"],"_links":{"self":[{"href":"https:\/\/www.peptosoda.rs\/index.php?rest_route=\/wp\/v2\/pages\/1101","targetHints":{"allow":["GET"]}}],"collection":[{"href":"https:\/\/www.peptosoda.rs\/index.php?rest_route=\/wp\/v2\/pages"}],"about":[{"href":"https:\/\/www.peptosoda.rs\/index.php?rest_route=\/wp\/v2\/types\/page"}],"author":[{"embeddable":true,"href":"https:\/\/www.peptosoda.rs\/index.php?rest_route=\/wp\/v2\/users\/1"}],"replies":[{"embeddable":true,"href":"https:\/\/www.peptosoda.rs\/index.php?rest_route=%2Fwp%2Fv2%2Fcomments&post=1101"}],"version-history":[{"count":18,"href":"https:\/\/www.peptosoda.rs\/index.php?rest_route=\/wp\/v2\/pages\/1101\/revisions"}],"predecessor-version":[{"id":1354,"href":"https:\/\/www.peptosoda.rs\/index.php?rest_route=\/wp\/v2\/pages\/1101\/revisions\/1354"}],"wp:attachment":[{"href":"https:\/\/www.peptosoda.rs\/index.php?rest_route=%2Fwp%2Fv2%2Fmedia&parent=1101"}],"curies":[{"name":"wp","href":"https:\/\/api.w.org\/{rel}","templated":true}]}}