{"id":1092,"date":"2025-04-02T08:12:53","date_gmt":"2025-04-02T07:12:53","guid":{"rendered":"https:\/\/new.peptosoda.rs\/?page_id=1092"},"modified":"2025-04-03T13:05:41","modified_gmt":"2025-04-03T12:05:41","slug":"pepto-soda-sumece","status":"publish","type":"page","link":"https:\/\/www.peptosoda.rs\/?page_id=1092","title":{"rendered":"Pepto soda \u0161ume\u0107e tablete"},"content":{"rendered":"<p><div class=\"fusion-fullwidth fullwidth-box fusion-builder-row-1 fusion-flex-container hundred-percent-fullwidth non-hundred-percent-height-scrolling\" style=\"--awb-border-radius-top-left:0px;--awb-border-radius-top-right:0px;--awb-border-radius-bottom-right:0px;--awb-border-radius-bottom-left:0px;--awb-padding-top:0px;--awb-padding-right:0px;--awb-padding-bottom:0px;--awb-padding-left:0px;--awb-margin-bottom:60px;--awb-flex-wrap:wrap;\" ><div class=\"fusion-builder-row fusion-row fusion-flex-align-items-flex-start fusion-flex-content-wrap\" style=\"width:104% !important;max-width:104% !important;margin-left: calc(-4% \/ 2 );margin-right: calc(-4% \/ 2 );\"><div class=\"fusion-layout-column fusion_builder_column fusion-builder-column-0 fusion_builder_column_1_1 1_1 fusion-flex-column\" style=\"--awb-bg-size:cover;--awb-width-large:100%;--awb-margin-top-large:0px;--awb-spacing-right-large:1.92%;--awb-margin-bottom-large:0px;--awb-spacing-left-large:1.92%;--awb-width-medium:100%;--awb-order-medium:0;--awb-spacing-right-medium:1.92%;--awb-spacing-left-medium:1.92%;--awb-width-small:100%;--awb-order-small:0;--awb-spacing-right-small:1.92%;--awb-spacing-left-small:1.92%;\"><div class=\"fusion-column-wrapper fusion-column-has-shadow fusion-flex-justify-content-flex-start fusion-content-layout-column\">\n\t\t\t\t<p class=\"rs-p-wp-fix\"><\/p>\n\t\t\t\t<sr7-module data-alias=\"sumece\" data-id=\"4\" id=\"SR7_4_1\" class=\"rs-ov-hidden\" data-version=\"6.7.41\">\n\t\t\t\t\t<sr7-adjuster><\/sr7-adjuster>\n\t\t\t\t\t<sr7-content>\n\t\t\t\t\t\t<sr7-slide id=\"SR7_4_1-7\" data-key=\"7\">\n\t\t\t\t\t\t\t<sr7-bg id=\"SR7_4_1-7-5\" class=\"sr7-layer\"><noscript><img class=\"lazyload\" decoding=\"async\" src=\"data:image\/gif;base64,R0lGODlhAQABAAAAACH5BAEKAAEALAAAAAABAAEAAAICTAEAOw==\" data-orig-src=\"https:\/\/new.peptosoda.rs\/wp-content\/uploads\/2025\/04\/PS-slajder-sumece-tablete.jpg\" alt=\"\" title=\"PS slajder sumece tablete\"><\/noscript><\/sr7-bg>\n\t\t\t\t\t\t<\/sr7-slide>\n\t\t\t\t\t\t<sr7-slide id=\"SR7_4_1-8\" data-key=\"8\">\n\t\t\t\t\t\t<\/sr7-slide>\n\t\t\t\t\t<\/sr7-content>\n\t\t\t\t\t<image_lists style=\"display:none\">\n\t\t\t\t\t\t<img class=\"lazyload\" data-src=\"\/\/new.peptosoda.rs\/wp-content\/uploads\/2025\/04\/Mehurici-za-slajdere-03.png\" data-libid=\"1004\" data-lib=\"medialibrary\" title=\"Mehurici za slajdere-03\" width=\"0\" height=\"0\" data-dbsrc=\"Ly9uZXcucGVwdG9zb2RhLnJzL3dwLWNvbnRlbnQvdXBsb2Fkcy8yMDI1LzA0L01laHVyaWNpLXphLXNsYWpkZXJlLTAzLnBuZw==\"\/>\n\t\t\t\t\t\t<img class=\"lazyload\" data-src=\"\/\/new.peptosoda.rs\/wp-content\/uploads\/2025\/04\/Mehurici-za-slajdere-02.png\" data-libid=\"1003\" data-lib=\"medialibrary\" title=\"Mehurici za slajdere-02\" width=\"0\" height=\"0\" data-dbsrc=\"Ly9uZXcucGVwdG9zb2RhLnJzL3dwLWNvbnRlbnQvdXBsb2Fkcy8yMDI1LzA0L01laHVyaWNpLXphLXNsYWpkZXJlLTAyLnBuZw==\"\/>\n\t\t\t\t\t\t<img class=\"lazyload\" data-src=\"\/\/new.peptosoda.rs\/wp-content\/uploads\/2025\/04\/Prikaz-Proizvoda-i-recept-Pepto-Soda-01-1.png\" data-libid=\"1291\" data-lib=\"medialibrary\" title=\"Prikaz Proizvoda i recept Pepto Soda-01\" width=\"0\" height=\"0\" data-dbsrc=\"Ly9uZXcucGVwdG9zb2RhLnJzL3dwLWNvbnRlbnQvdXBsb2Fkcy8yMDI1LzA0L1ByaWthei1Qcm9penZvZGEtaS1yZWNlcHQtUGVwdG8tU29kYS0wMS0xLnBuZw==\"\/>\n\t\t\t\t\t\t<img class=\"lazyload\" data-src=\"\/\/new.peptosoda.rs\/wp-content\/uploads\/2025\/04\/PS-slajder-sumece-tablete.jpg\" data-libid=\"1094\" data-lib=\"medialibrary\" title=\"PS slajder sumece tablete\" width=\"0\" height=\"0\" data-dbsrc=\"Ly9uZXcucGVwdG9zb2RhLnJzL3dwLWNvbnRlbnQvdXBsb2Fkcy8yMDI1LzA0L1BTLXNsYWpkZXItc3VtZWNlLXRhYmxldGUuanBn\"\/>\n\t\t\t\t\t<\/image_lists>\n\t\t\t\t<\/sr7-module>\n\t\t\t\t<script>\n\t\t\t\t\tSR7.PMH ??={}; SR7.PMH[\"SR7_4_1\"] = {cn:100,state:false,fn: function() { if (_tpt!==undefined && _tpt.prepareModuleHeight !== undefined) {  _tpt.prepareModuleHeight({id:\"SR7_4_1\",el:[700,700,660,650,660],type:'hero',shdw:'0',gh:[700,700,660,650,660],gw:[1400,1400,1024,778,480],vpt:['-200px&#039;,&#039;-200px&#039;,&#039;-200px&#039;,&#039;-200px&#039;,&#039;-200px'],size:{fullWidth:true, fullHeight:false},mh:'0',onh:0,onw:0,bg:{color:'{\"type\":\"solid\",\"orig\":\"#ffffff\",\"string\":\"rgba(255, 255, 255, 1)\"}'},plType:'3',plColor:'#35baf2'});   SR7.PMH[\"SR7_4_1\"].state=true;} else if(SR7.PMH[\"SR7_4_1\"].cn-->0)\tsetTimeout( SR7.PMH[\"SR7_4_1\"].fn,19);}};SR7.PMH[\"SR7_4_1\" ].fn();\n\t\t\t\t<\/script>\n<\/div><\/div><\/div><\/div><div class=\"fusion-fullwidth fullwidth-box fusion-builder-row-2 fusion-flex-container hundred-percent-fullwidth non-hundred-percent-height-scrolling\" style=\"--awb-border-radius-top-left:0px;--awb-border-radius-top-right:0px;--awb-border-radius-bottom-right:0px;--awb-border-radius-bottom-left:0px;--awb-overflow:visible;--awb-flex-wrap:wrap;\" ><div class=\"fusion-builder-row fusion-row fusion-flex-align-items-flex-start fusion-flex-content-wrap\" style=\"width:calc( 100% + 0px ) !important;max-width:calc( 100% + 0px ) !important;margin-left: calc(-0px \/ 2 );margin-right: calc(-0px \/ 2 );\"><div class=\"fusion-layout-column fusion_builder_column fusion-builder-column-1 fusion_builder_column_1_1 1_1 fusion-flex-column fusion-flex-align-self-flex-start fusion-column-no-min-height\" style=\"--awb-bg-blend:overlay;--awb-bg-size:cover;--awb-width-large:100%;--awb-margin-top-large:0px;--awb-spacing-right-large:0px;--awb-margin-bottom-large:0px;--awb-spacing-left-large:0px;--awb-width-medium:100%;--awb-spacing-right-medium:0px;--awb-spacing-left-medium:0px;--awb-width-small:100%;--awb-spacing-right-small:0px;--awb-spacing-left-small:0px;\"><div class=\"fusion-column-wrapper fusion-flex-justify-content-flex-start fusion-content-layout-column\"><div class=\"fusion-menu-anchor\" id=\"overview\"><\/div><\/div><\/div><\/div><\/div><div class=\"fusion-fullwidth fullwidth-box fusion-builder-row-3 fusion-flex-container nonhundred-percent-fullwidth non-hundred-percent-height-scrolling\" style=\"--awb-background-position:left top;--awb-border-sizes-top:0px;--awb-border-sizes-bottom:0px;--awb-border-sizes-left:0px;--awb-border-sizes-right:0px;--awb-border-radius-top-left:0px;--awb-border-radius-top-right:0px;--awb-border-radius-bottom-right:0px;--awb-border-radius-bottom-left:0px;--awb-padding-top:2%;--awb-padding-bottom:40px;--awb-padding-top-small:32px;--awb-flex-wrap:wrap;\" ><div class=\"fusion-builder-row fusion-row fusion-flex-align-items-center fusion-flex-content-wrap\" style=\"max-width:1216.8px;margin-left: calc(-4% \/ 2 );margin-right: calc(-4% \/ 2 );\"><div class=\"fusion-layout-column fusion_builder_column fusion-builder-column-2 fusion_builder_column_1_2 1_2 fusion-flex-column\" style=\"--awb-padding-right:20px;--awb-padding-left:20px;--awb-padding-right-small:0px;--awb-padding-left-small:0px;--awb-bg-blend:overlay;--awb-bg-size:cover;--awb-width-large:50%;--awb-margin-top-large:15px;--awb-spacing-right-large:3.84%;--awb-margin-bottom-large:15px;--awb-spacing-left-large:3.84%;--awb-width-medium:100%;--awb-spacing-right-medium:1.92%;--awb-spacing-left-medium:1.92%;--awb-width-small:100%;--awb-spacing-right-small:1.92%;--awb-spacing-left-small:1.92%;\"><div class=\"fusion-column-wrapper fusion-flex-justify-content-flex-start fusion-content-layout-column\"><div class=\"fusion-title title fusion-title-1 fusion-sep-none fusion-title-text fusion-title-size-two\" style=\"--awb-margin-top-small:0px;--awb-margin-right-small:0px;--awb-margin-bottom-small:20px;--awb-margin-left-small:0px;--awb-font-size:38px;\"><h2 class=\"fusion-title-heading title-heading-left fusion-responsive-typography-calculated\" style=\"margin:0;text-transform:none;font-size:1em;--fontSize:38;line-height:var(--awb-typography1-line-height);\">Pepto Soda \u0161ume\u0107e tablete<\/h2><\/div><div class=\"fusion-text fusion-text-1\"><p>su jedinstveni dodatak ishrani \u010diji je aktivni sastojak soda bikarbona (natrijum- bikarbonat) i koristi se za neutralisanje hlorovodoni\u010dne kiseline u \u017eelucu.<br \/>\nPepto Soda doprinosi:<br \/>\n\u2022 smanjenju goru\u0161ice<br \/>\n\u2022 otklanjanju tegoba koji prate prekomerno lu\u010denje \u017eeluda\u010dne kiseline.<\/p>\n<\/div><\/div><\/div><div class=\"fusion-layout-column fusion_builder_column fusion-builder-column-3 fusion_builder_column_1_2 1_2 fusion-flex-column\" style=\"--awb-padding-top:10px;--awb-padding-right:10px;--awb-padding-bottom:10px;--awb-padding-left:10px;--awb-bg-blend:overlay;--awb-bg-size:cover;--awb-width-large:50%;--awb-margin-top-large:14px;--awb-spacing-right-large:3.84%;--awb-margin-bottom-large:15px;--awb-spacing-left-large:3.84%;--awb-width-medium:100%;--awb-spacing-right-medium:1.92%;--awb-spacing-left-medium:1.92%;--awb-width-small:100%;--awb-spacing-right-small:1.92%;--awb-spacing-left-small:1.92%;\"><div class=\"fusion-column-wrapper fusion-flex-justify-content-flex-start fusion-content-layout-column\"><div class=\"fusion-image-element \" style=\"text-align:center;--awb-caption-title-font-family:var(--h2_typography-font-family);--awb-caption-title-font-weight:var(--h2_typography-font-weight);--awb-caption-title-font-style:var(--h2_typography-font-style);--awb-caption-title-size:var(--h2_typography-font-size);--awb-caption-title-transform:var(--h2_typography-text-transform);--awb-caption-title-line-height:var(--h2_typography-line-height);--awb-caption-title-letter-spacing:var(--h2_typography-letter-spacing);\"><span class=\" fusion-imageframe imageframe-none imageframe-1 hover-type-none fusion-animated\" data-animationType=\"fadeInUp\" data-animationDuration=\"0.7\" data-animationOffset=\"top-mid-of-view\"><img decoding=\"async\" width=\"1379\" height=\"1634\" title=\"Pepto-Soda-sumece-tablete\" src=\"https:\/\/www.peptosoda.rs\/wp-content\/uploads\/2025\/04\/Pepto-Soda-sumece-tablete.png\" data-orig-src=\"https:\/\/new.peptosoda.rs\/wp-content\/uploads\/2025\/04\/Pepto-Soda-sumece-tablete.png\" alt class=\"lazyload img-responsive wp-image-1096\" srcset=\"data:image\/svg+xml,%3Csvg%20xmlns%3D%27http%3A%2F%2Fwww.w3.org%2F2000%2Fsvg%27%20width%3D%271379%27%20height%3D%271634%27%20viewBox%3D%270%200%201379%201634%27%3E%3Crect%20width%3D%271379%27%20height%3D%271634%27%20fill-opacity%3D%220%22%2F%3E%3C%2Fsvg%3E\" data-srcset=\"https:\/\/www.peptosoda.rs\/wp-content\/uploads\/2025\/04\/Pepto-Soda-sumece-tablete-200x237.png 200w, https:\/\/www.peptosoda.rs\/wp-content\/uploads\/2025\/04\/Pepto-Soda-sumece-tablete-400x474.png 400w, https:\/\/www.peptosoda.rs\/wp-content\/uploads\/2025\/04\/Pepto-Soda-sumece-tablete-600x711.png 600w, https:\/\/www.peptosoda.rs\/wp-content\/uploads\/2025\/04\/Pepto-Soda-sumece-tablete-800x948.png 800w, https:\/\/www.peptosoda.rs\/wp-content\/uploads\/2025\/04\/Pepto-Soda-sumece-tablete-1200x1422.png 1200w, https:\/\/www.peptosoda.rs\/wp-content\/uploads\/2025\/04\/Pepto-Soda-sumece-tablete.png 1379w\" data-sizes=\"auto\" data-orig-sizes=\"(max-width: 1024px) 100vw, (max-width: 640px) 100vw, 600px\" \/><\/span><\/div><\/div><\/div><\/div><\/div><div class=\"fusion-fullwidth fullwidth-box fusion-builder-row-4 fusion-flex-container has-pattern-background has-mask-background nonhundred-percent-fullwidth non-hundred-percent-height-scrolling\" style=\"--awb-background-position:left top;--awb-border-sizes-top:0px;--awb-border-sizes-bottom:0px;--awb-border-sizes-left:0px;--awb-border-sizes-right:0px;--awb-border-radius-top-left:0px;--awb-border-radius-top-right:0px;--awb-border-radius-bottom-right:0px;--awb-border-radius-bottom-left:0px;--awb-padding-top:2%;--awb-padding-bottom:40px;--awb-padding-top-small:32px;--awb-background-color:#eceef1;--awb-flex-wrap:wrap;\" ><div class=\"fusion-builder-row fusion-row fusion-flex-align-items-center fusion-flex-content-wrap\" style=\"max-width:1216.8px;margin-left: calc(-4% \/ 2 );margin-right: calc(-4% \/ 2 );\"><div class=\"fusion-layout-column fusion_builder_column fusion-builder-column-4 fusion_builder_column_1_1 1_1 fusion-flex-column\" style=\"--awb-padding-right:20px;--awb-padding-left:20px;--awb-padding-right-small:0px;--awb-padding-left-small:0px;--awb-bg-blend:overlay;--awb-bg-size:cover;--awb-width-large:100%;--awb-margin-top-large:15px;--awb-spacing-right-large:1.92%;--awb-margin-bottom-large:15px;--awb-spacing-left-large:1.92%;--awb-width-medium:100%;--awb-spacing-right-medium:1.92%;--awb-spacing-left-medium:1.92%;--awb-width-small:100%;--awb-spacing-right-small:1.92%;--awb-spacing-left-small:1.92%;\"><div class=\"fusion-column-wrapper fusion-flex-justify-content-flex-start fusion-content-layout-column\"><div class=\"fusion-title title fusion-title-2 fusion-sep-none fusion-title-text fusion-title-size-two\" style=\"--awb-margin-top-small:0px;--awb-margin-right-small:0px;--awb-margin-bottom-small:20px;--awb-margin-left-small:0px;--awb-font-size:38px;\"><h2 class=\"fusion-title-heading title-heading-left fusion-responsive-typography-calculated\" style=\"margin:0;text-transform:none;font-size:1em;--fontSize:38;line-height:var(--awb-typography1-line-height);\">Za\u0161to Pepto Soda?<\/h2><\/div><div class=\"fusion-text fusion-text-2\" style=\"--awb-font-size:20px;\"><p>\u2022 Jedinstven oblik \u0161ume\u0107e tablete \u2013 aktivna supstanca soda bikarbone se brzo apsorbuje u na\u0161em organizmu.<br \/>\n\u2022 1940 mg soda bikarbone u 1 tableti \u2013 vodili smo ra\u010duna da u strogim uslovima proizvodnje dobijemo kvalitetan farmaceutski proizvod sa maksimalnom dozom soda bikarbone u jednoj jedinici proizvoda.<br \/>\n\u2022 Kontrolisan dnevni unos soda bikarbone \u2013 konzumiranjem Pepto Sode u svakom trenutku znate dnevnu dozu koju ne smete prekora\u010diti (1-2 tablete dnevno).<br \/>\n\u2022 Komforan na\u010din upotrebe \u2013 prakti\u010dno, pojedina\u010dno pakovanje \u2013 Pepto Sodu mo\u017eete poneti u torbi i u svakom trenutku imati uz sebe.<br \/>\n\u2022 Prijatani ukus pru\u017ea osve\u017eavaju\u0107i ose\u0107aj koji dodatno doprinosi olak\u0161anju simptoma goru\u0161ice.<br \/>\n\u2022 Ukusi: Limun, mint i pomorand\u017ea<br \/>\n<strong>NA\u010cIN UPOTREBE:<\/strong><br \/>\nUzimati 1-2 tablete dnevno, 1-2 h nakon jela ili po potrebi. Tabletu rastvoriti u \u010da\u0161i sa 100 ml vode.<br \/>\n<strong>PAKOVANJE:<\/strong><br \/>\n20 \u0160UME\u0106IH TABLETA.<br \/>\n<strong>NAMENA:<\/strong><br \/>\nDodatak ishrani<br \/>\n<strong>NAPOMENE:<\/strong><br \/>\nPepto Soda je dodatak ishrani i nije zamena za razvnovrsnu i uravnote\u017eenu ishranu. Preporu\u010dena dnevna doza se ne sme prekora\u010diti. Proizvod nije namenjen za dijagnozu, tretman ili le\u010denje bilo koje bolesti. \u010cuvati van doma\u0161aja dece.<br \/>\n<strong>UPOZORENJE:<\/strong><br \/>\nPreparat se ne preporu\u010duje osobama koje imaju visok krvni pritisak, kardiovaskularna ili oboljenja bubrega, kao ni osobama preosetljivim na neki od sastojaka U slu\u010daju preosetljivosti na bilo koji sastojak potrebno je prekinuti uzimanje i posavetovati se sa lekarom. Ne preporu\u010duje se primena du\u017ee od 2 nedelje, osim po savetu lekara. Prekomerna upotreba proizvoda mo\u017ee da izazove laksativni efekat.<br \/>\n<strong>SASTOJCI (INCI):<\/strong><br \/>\nnatrijum-bikarbonat (soda bikarbona); regulator kiselosti \u2013 limunska kiselina; sredstvo za pove\u0107anje zapremine \u2013 sorbitol u prahu; sredstvo protiv zgrudvavanja \u2013 polietilenglikol; zasla\u0111iva\u010d \u2013 natrijum \u2013 ciklamat; tri razli\u010dite arome: limun, mint i pomorand\u017ea.<\/p>\n<\/div><\/div><\/div><\/div><\/div><div class=\"fusion-fullwidth fullwidth-box fusion-builder-row-5 fusion-flex-container has-pattern-background has-mask-background nonhundred-percent-fullwidth non-hundred-percent-height-scrolling\" style=\"--awb-background-position:left top;--awb-border-sizes-top:0px;--awb-border-sizes-bottom:0px;--awb-border-sizes-left:0px;--awb-border-sizes-right:0px;--awb-border-radius-top-left:0px;--awb-border-radius-top-right:0px;--awb-border-radius-bottom-right:0px;--awb-border-radius-bottom-left:0px;--awb-padding-top:2%;--awb-padding-bottom:40px;--awb-padding-top-small:32px;--awb-background-color:#ffffff;--awb-flex-wrap:wrap;\" ><div class=\"fusion-builder-row fusion-row fusion-flex-align-items-center fusion-flex-content-wrap\" style=\"max-width:1216.8px;margin-left: calc(-4% \/ 2 );margin-right: calc(-4% \/ 2 );\"><div class=\"fusion-layout-column fusion_builder_column fusion-builder-column-5 fusion_builder_column_1_1 1_1 fusion-flex-column\" style=\"--awb-padding-right:20px;--awb-padding-left:20px;--awb-padding-right-small:0px;--awb-padding-left-small:0px;--awb-bg-blend:overlay;--awb-bg-size:cover;--awb-width-large:100%;--awb-margin-top-large:15px;--awb-spacing-right-large:1.92%;--awb-margin-bottom-large:15px;--awb-spacing-left-large:1.92%;--awb-width-medium:100%;--awb-spacing-right-medium:1.92%;--awb-spacing-left-medium:1.92%;--awb-width-small:100%;--awb-spacing-right-small:1.92%;--awb-spacing-left-small:1.92%;\"><div class=\"fusion-column-wrapper fusion-flex-justify-content-flex-start fusion-content-layout-column\"><div class=\"fusion-video fusion-youtube\" style=\"--awb-max-width:600px;--awb-max-height:360px;--awb-align-self:center;--awb-width:100%;\"><div class=\"video-shortcode\"><lite-youtube videoid=\"hsrUlOSZ9sQ\" class=\"landscape\" params=\"wmode=transparent&autoplay=1&amp;enablejsapi=1\" title=\"YouTube video player 1\" data-button-label=\"Play Video\" width=\"600\" height=\"360\" data-thumbnail-size=\"auto\" data-no-cookie=\"on\"><\/lite-youtube><\/div><\/div><\/div><\/div><\/div><\/div><\/p>\n","protected":false},"excerpt":{"rendered":"","protected":false},"author":1,"featured_media":0,"parent":0,"menu_order":0,"comment_status":"closed","ping_status":"closed","template":"100-width.php","meta":{"footnotes":""},"class_list":["post-1092","page","type-page","status-publish","hentry"],"_links":{"self":[{"href":"https:\/\/www.peptosoda.rs\/index.php?rest_route=\/wp\/v2\/pages\/1092","targetHints":{"allow":["GET"]}}],"collection":[{"href":"https:\/\/www.peptosoda.rs\/index.php?rest_route=\/wp\/v2\/pages"}],"about":[{"href":"https:\/\/www.peptosoda.rs\/index.php?rest_route=\/wp\/v2\/types\/page"}],"author":[{"embeddable":true,"href":"https:\/\/www.peptosoda.rs\/index.php?rest_route=\/wp\/v2\/users\/1"}],"replies":[{"embeddable":true,"href":"https:\/\/www.peptosoda.rs\/index.php?rest_route=%2Fwp%2Fv2%2Fcomments&post=1092"}],"version-history":[{"count":8,"href":"https:\/\/www.peptosoda.rs\/index.php?rest_route=\/wp\/v2\/pages\/1092\/revisions"}],"predecessor-version":[{"id":1287,"href":"https:\/\/www.peptosoda.rs\/index.php?rest_route=\/wp\/v2\/pages\/1092\/revisions\/1287"}],"wp:attachment":[{"href":"https:\/\/www.peptosoda.rs\/index.php?rest_route=%2Fwp%2Fv2%2Fmedia&parent=1092"}],"curies":[{"name":"wp","href":"https:\/\/api.w.org\/{rel}","templated":true}]}}